{"id":3154,"date":"2023-09-12T05:15:46","date_gmt":"2023-09-12T05:15:46","guid":{"rendered":"https:\/\/www.valideron.com\/?page_id=3154"},"modified":"2023-09-12T07:09:39","modified_gmt":"2023-09-12T07:09:39","slug":"allgemeine-geschaeftsbedingungen","status":"publish","type":"page","link":"https:\/\/www.valideron.com\/de\/allgemeine-geschaeftsbedingungen\/","title":{"rendered":"Allgemeine Gesch\u00e4ftsbedingungen (AGB)"},"content":{"rendered":"<section data-bb-version=\"4.6.1\" id=\"bt_bb_section69de25df8ecf8\" class=\"bt_bb_section bt_bb_layout_boxed_1200 bt_bb_vertical_align_top bt_bb_top_spacing_extra_large bt_bb_bottom_spacing_extra_large\"  data-bt-override-class=\"{&quot;bt_bb_top_spacing_&quot;:{&quot;current_class&quot;:&quot;bt_bb_top_spacing_extra_large&quot;,&quot;xxl&quot;:&quot;extra_large&quot;},&quot;bt_bb_bottom_spacing_&quot;:{&quot;current_class&quot;:&quot;bt_bb_bottom_spacing_extra_large&quot;,&quot;xxl&quot;:&quot;extra_large&quot;}}\"><div class=\"bt_bb_port\"><div class=\"bt_bb_cell\"><div class=\"bt_bb_cell_inner\"><div class=\"bt_bb_row \"  data-bt-override-class=\"{}\"><div class=\"bt_bb_row_holder\" ><div data-bb-version=\"4.6.1\"  class=\"bt_bb_column col-xl-12 col-xs-12 col-sm-12 col-md-12 col-lg-12 bt_bb_align_left bt_bb_vertical_align_top bt_bb_padding_normal\"  data-width=\"12\" data-bt-override-class=\"{}\"><div class=\"bt_bb_column_content\"><div data-bb-version=\"4.6.1\"  class=\"bt_bb_text\" ><\/p>\n<h2>Allgemeine Gesch\u00e4ftsbedingungen (AGB)<\/h2>\n<p><strong>Allgemeine Gesch\u00e4ftsbedingungen von &#8222;spainworkers&#8220; f\u00fcr die Beratung von Auswanderern, die sich in Spanien als Selbstst\u00e4ndige niederlassen m\u00f6chten<\/strong><\/p>\n<p><strong>1. Vertragsgegenstand<\/strong><\/p>\n<p>Der vorliegende Vertrag hat zum Ziel, Beratungs- und Consultingdienstleistungen f\u00fcr Auswanderer anzubieten, die beabsichtigen, sich in Spanien als selbstst\u00e4ndige Unternehmer niederzulassen.<\/p>\n<p><strong>2. T\u00e4tigkeitsbereich<\/strong><\/p>\n<p>&#8222;spainworkers&#8220; verpflichtet sich, Beratung in rechtlichen, steuerlichen und administrativen Angelegenheiten anzubieten, um den Prozess der Selbstst\u00e4ndigkeit in Spanien zu erleichtern.<\/p>\n<p><strong>3. Verpflichtungen des Kunden<\/strong><\/p>\n<p>Der Kunde verpflichtet sich, genaue und vollst\u00e4ndige Informationen \u00fcber seine pers\u00f6nliche, rechtliche und finanzielle Situation bereitzustellen. Ebenso verpflichtet er sich, den Empfehlungen und Richtlinien von &#8222;spainworkers&#8220; zu folgen, um den Prozess der Niederlassung korrekt und gesetzlich konform durchzuf\u00fchren.<\/p>\n<p><strong>4. Haftung von &#8222;spainworkers&#8220;<\/strong><\/p>\n<p>&#8222;spainworkers&#8220; \u00fcbernimmt die Verantwortung daf\u00fcr, genaue und aktualisierte Informationen bereitzustellen und den Kunden bei der Erf\u00fcllung der gesetzlichen und steuerlichen Anforderungen zur Gr\u00fcndung eines selbstst\u00e4ndigen Unternehmens in Spanien zu unterst\u00fctzen. &#8222;spainworkers&#8220; haftet jedoch nicht f\u00fcr m\u00f6gliche \u00c4nderungen in der Gesetzgebung, die die Situation des Kunden beeinflussen k\u00f6nnten.<\/p>\n<p><strong>5. Honorare und Zahlungsbedingungen<\/strong><\/p>\n<p>Die Honorare f\u00fcr Beratungsdienstleistungen werden in einem separaten Vertrag vereinbart. Der Kunde verpflichtet sich, die Zahlung gem\u00e4\u00df den festgelegten Bedingungen und Fristen zu leisten.<\/p>\n<p><strong>6. Vertragsdauer<\/strong><\/p>\n<p>Der Vertrag hat eine bestimmte und spezifische Laufzeit, die zwischen den Parteien vereinbart wird.<\/p>\n<p><strong>7. Vertraulichkeit<\/strong><\/p>\n<p>&#8222;spainworkers&#8220; verpflichtet sich, alle vom Kunden bereitgestellten Informationen vertraulich zu behandeln und sie ohne ausdr\u00fcckliche Zustimmung des Kunden nicht an Dritte weiterzugeben, es sei denn, dies ist gesetzlich vorgeschrieben.<\/p>\n<p><strong>8. Vertragsbeendigung<\/strong><\/p>\n<p>Jede Partei kann den Vertrag im Falle eines schwerwiegenden Versto\u00dfes der anderen Partei beenden. Im Falle einer Beendigung werden die Bedingungen und Fristen f\u00fcr die Beendigung der Dienstleistungen vereinbart.<\/p>\n<p><strong>9. Anwendbares Recht und Gerichtsstand<\/strong><\/p>\n<p>Der vorliegende Vertrag unterliegt spanischem Recht. Etwaige Streitigkeiten im Zusammenhang mit diesem Vertrag werden den Gerichten von [Gerichtsstand] vorgelegt.<\/p>\n<p>Diese Allgemeinen Gesch\u00e4ftsbedingungen sind ab dem [Datum] g\u00fcltig und k\u00f6nnen von &#8222;spainworkers&#8220; jederzeit ge\u00e4ndert werden. Der Kunde wird schriftlich \u00fcber etwaige \u00c4nderungen informiert. Es gilt die Version der AGB, die zum Zeitpunkt des Vertragsabschlusses in Kraft ist.<\/p>\n<p><strong>valideron S.L<\/strong>.<br \/>\nE-Mail: info@valideron.com<br \/>\nTelefon: +34 652 527 033<\/p>\n<p>\n<\/div><\/div><\/div><\/div><\/div><\/div><!-- cell_inner --><\/div><!-- cell --><\/div><!-- port --><\/section>\n","protected":false},"excerpt":{"rendered":"","protected":false},"author":1,"featured_media":0,"parent":0,"menu_order":0,"comment_status":"closed","ping_status":"open","template":"","meta":{"inline_featured_image":false,"footnotes":""},"class_list":["post-3154","page","type-page","status-publish","hentry"],"yoast_head":"<!-- This site is optimized with the Yoast SEO plugin v25.2 - https:\/\/yoast.com\/wordpress\/plugins\/seo\/ -->\n<title>Allgemeine Gesch\u00e4ftsbedingungen (AGB) - valideron<\/title>\n<meta name=\"robots\" content=\"index, follow, max-snippet:-1, max-image-preview:large, max-video-preview:-1\" \/>\n<link rel=\"canonical\" href=\"https:\/\/www.valideron.com\/allgemeine-geschaeftsbedingungen\/\" \/>\n<meta property=\"og:locale\" content=\"de_DE\" \/>\n<meta property=\"og:type\" content=\"article\" \/>\n<meta property=\"og:title\" content=\"Allgemeine Gesch\u00e4ftsbedingungen (AGB) - valideron\" \/>\n<meta property=\"og:url\" content=\"https:\/\/www.valideron.com\/allgemeine-geschaeftsbedingungen\/\" \/>\n<meta property=\"og:site_name\" content=\"valideron\" \/>\n<meta property=\"article:modified_time\" content=\"2023-09-12T07:09:39+00:00\" \/>\n<meta name=\"twitter:card\" content=\"summary_large_image\" \/>\n<meta name=\"twitter:label1\" content=\"Gesch\u00e4tzte Lesezeit\" \/>\n\t<meta name=\"twitter:data1\" content=\"3\u00a0Minuten\" \/>\n<script type=\"application\/ld+json\" class=\"yoast-schema-graph\">{\"@context\":\"https:\/\/schema.org\",\"@graph\":[{\"@type\":\"WebPage\",\"@id\":\"https:\/\/www.valideron.com\/allgemeine-geschaeftsbedingungen\/\",\"url\":\"https:\/\/www.valideron.com\/allgemeine-geschaeftsbedingungen\/\",\"name\":\"Allgemeine Gesch\u00e4ftsbedingungen (AGB) - valideron\",\"isPartOf\":{\"@id\":\"https:\/\/www.valideron.com\/#website\"},\"datePublished\":\"2023-09-12T05:15:46+00:00\",\"dateModified\":\"2023-09-12T07:09:39+00:00\",\"breadcrumb\":{\"@id\":\"https:\/\/www.valideron.com\/allgemeine-geschaeftsbedingungen\/#breadcrumb\"},\"inLanguage\":\"de\",\"potentialAction\":[{\"@type\":\"ReadAction\",\"target\":[\"https:\/\/www.valideron.com\/allgemeine-geschaeftsbedingungen\/\"]}]},{\"@type\":\"BreadcrumbList\",\"@id\":\"https:\/\/www.valideron.com\/allgemeine-geschaeftsbedingungen\/#breadcrumb\",\"itemListElement\":[{\"@type\":\"ListItem\",\"position\":1,\"name\":\"Startseite\",\"item\":\"https:\/\/www.valideron.com\/de\/\"},{\"@type\":\"ListItem\",\"position\":2,\"name\":\"Allgemeine Gesch\u00e4ftsbedingungen (AGB)\"}]},{\"@type\":\"WebSite\",\"@id\":\"https:\/\/www.valideron.com\/#website\",\"url\":\"https:\/\/www.valideron.com\/\",\"name\":\"valideron\",\"description\":\"\",\"potentialAction\":[{\"@type\":\"SearchAction\",\"target\":{\"@type\":\"EntryPoint\",\"urlTemplate\":\"https:\/\/www.valideron.com\/?s={search_term_string}\"},\"query-input\":{\"@type\":\"PropertyValueSpecification\",\"valueRequired\":true,\"valueName\":\"search_term_string\"}}],\"inLanguage\":\"de\"}]}<\/script>\n<!-- \/ Yoast SEO plugin. -->","yoast_head_json":{"title":"Allgemeine Gesch\u00e4ftsbedingungen (AGB) - valideron","robots":{"index":"index","follow":"follow","max-snippet":"max-snippet:-1","max-image-preview":"max-image-preview:large","max-video-preview":"max-video-preview:-1"},"canonical":"https:\/\/www.valideron.com\/allgemeine-geschaeftsbedingungen\/","og_locale":"de_DE","og_type":"article","og_title":"Allgemeine Gesch\u00e4ftsbedingungen (AGB) - valideron","og_url":"https:\/\/www.valideron.com\/allgemeine-geschaeftsbedingungen\/","og_site_name":"valideron","article_modified_time":"2023-09-12T07:09:39+00:00","twitter_card":"summary_large_image","twitter_misc":{"Gesch\u00e4tzte Lesezeit":"3\u00a0Minuten"},"schema":{"@context":"https:\/\/schema.org","@graph":[{"@type":"WebPage","@id":"https:\/\/www.valideron.com\/allgemeine-geschaeftsbedingungen\/","url":"https:\/\/www.valideron.com\/allgemeine-geschaeftsbedingungen\/","name":"Allgemeine Gesch\u00e4ftsbedingungen (AGB) - valideron","isPartOf":{"@id":"https:\/\/www.valideron.com\/#website"},"datePublished":"2023-09-12T05:15:46+00:00","dateModified":"2023-09-12T07:09:39+00:00","breadcrumb":{"@id":"https:\/\/www.valideron.com\/allgemeine-geschaeftsbedingungen\/#breadcrumb"},"inLanguage":"de","potentialAction":[{"@type":"ReadAction","target":["https:\/\/www.valideron.com\/allgemeine-geschaeftsbedingungen\/"]}]},{"@type":"BreadcrumbList","@id":"https:\/\/www.valideron.com\/allgemeine-geschaeftsbedingungen\/#breadcrumb","itemListElement":[{"@type":"ListItem","position":1,"name":"Startseite","item":"https:\/\/www.valideron.com\/de\/"},{"@type":"ListItem","position":2,"name":"Allgemeine Gesch\u00e4ftsbedingungen (AGB)"}]},{"@type":"WebSite","@id":"https:\/\/www.valideron.com\/#website","url":"https:\/\/www.valideron.com\/","name":"valideron","description":"","potentialAction":[{"@type":"SearchAction","target":{"@type":"EntryPoint","urlTemplate":"https:\/\/www.valideron.com\/?s={search_term_string}"},"query-input":{"@type":"PropertyValueSpecification","valueRequired":true,"valueName":"search_term_string"}}],"inLanguage":"de"}]}},"_links":{"self":[{"href":"https:\/\/www.valideron.com\/de\/wp-json\/wp\/v2\/pages\/3154","targetHints":{"allow":["GET"]}}],"collection":[{"href":"https:\/\/www.valideron.com\/de\/wp-json\/wp\/v2\/pages"}],"about":[{"href":"https:\/\/www.valideron.com\/de\/wp-json\/wp\/v2\/types\/page"}],"author":[{"embeddable":true,"href":"https:\/\/www.valideron.com\/de\/wp-json\/wp\/v2\/users\/1"}],"replies":[{"embeddable":true,"href":"https:\/\/www.valideron.com\/de\/wp-json\/wp\/v2\/comments?post=3154"}],"version-history":[{"count":6,"href":"https:\/\/www.valideron.com\/de\/wp-json\/wp\/v2\/pages\/3154\/revisions"}],"predecessor-version":[{"id":3165,"href":"https:\/\/www.valideron.com\/de\/wp-json\/wp\/v2\/pages\/3154\/revisions\/3165"}],"wp:attachment":[{"href":"https:\/\/www.valideron.com\/de\/wp-json\/wp\/v2\/media?parent=3154"}],"curies":[{"name":"wp","href":"https:\/\/api.w.org\/{rel}","templated":true}]}}